{"id":1522,"date":"2022-05-24T12:29:06","date_gmt":"2022-05-24T12:29:06","guid":{"rendered":"http:\/\/lapassiondesterroirs.com\/mentions-legales\/"},"modified":"2022-05-24T14:20:59","modified_gmt":"2022-05-24T14:20:59","slug":"mentions-legales","status":"publish","type":"page","link":"https:\/\/lapassiondesterroirs.com\/en\/mentions-legales\/","title":{"rendered":"Terms of use"},"content":{"rendered":"\n<div class=\"wp-block-cover is-light\" style=\"min-height:300px;aspect-ratio:unset;\"><span aria-hidden=\"true\" class=\"has-blue-background-color has-background-dim-100 wp-block-cover__gradient-background has-background-dim\"><\/span><div class=\"wp-block-cover__inner-container is-layout-flow wp-block-cover-is-layout-flow\">\n<h1 class=\"has-text-align-center wp-block-heading\">Legal Notices<\/h1>\n<\/div><\/div>\n\r\n<div  class=\"spacer-block\" style=\"height: 10vh;\"><\/div>\n<div class=\"wp-block-group is-style-container is-layout-flow wp-block-group-is-layout-flow\">\n<h3 class=\"wp-block-heading\"><strong>La Passion des Terroirs<\/strong><\/h3>\n\n\n\n<p><strong>La Passion Des Terroirs <\/strong>\u00a04 rue des Fleurus,<br\/>33000 BORDEAUX 05.56.51.56.51<\/p>\n\n\n\n<div class=\"wp-block-group is-layout-flow wp-block-group-is-layout-flow\">\n<div style=\"height:30px\" aria-hidden=\"true\" class=\"wp-block-spacer\"><\/div>\n\n\n\n<hr class=\"wp-block-separator has-text-color has-background is-style-wide\" style=\"background-color:#dcdcdc;color:#dcdcdc\"\/>\n\n\n\n<div style=\"height:30px\" aria-hidden=\"true\" class=\"wp-block-spacer\"><\/div>\n<\/div>\n\n\n\n<h4 class=\"wp-block-heading\">WebDesign\u00a0&amp; Cr\u00e9ation<\/h4>\n\n\n\n<h5 class=\"wp-block-heading\">Agence S\u00f5creativ\u2019\u00a0[ design C\u00f5mmunicatif ]<br\/>46, rue Vital Carles ~ Bordeaux<br\/><a href=\"mailto:contact@socreativ.com\" target=\"_blank\" rel=\"noreferrer noopener\"><em>contact@socreativ.com<br\/><\/em><\/a><strong><a href=\"https:\/\/socreativ.com\/\" target=\"_blank\" rel=\"noreferrer noopener\"><em>https:\/\/socreativ.com<\/em><\/a><\/strong><\/h5>\n\n\n\n<h5 class=\"wp-block-heading\">S\u00f5creativ\u2019,\u00a0<a href=\"https:\/\/visiter-barcelone.com\/\">Visiter-barcelone.com<\/a>\u00a0<a rel=\"noreferrer noopener\" href=\"https:\/\/parc-guell.es\/\" target=\"_blank\">P<\/a><a rel=\"noreferrer noopener\" href=\"https:\/\/sagrada-familia.fr\/\" target=\"_blank\">s<\/a><a rel=\"noreferrer noopener\" href=\"https:\/\/www.colisee-ticket.com\/\" target=\"_blank\">t<\/a><a rel=\"noreferrer noopener\" href=\"https:\/\/barcelona-citypass.com\/\" target=\"_blank\">r<\/a>uctures, et\u00a0<a rel=\"noreferrer noopener\" href=\"https:\/\/partir-en-europe.com\/\" target=\"_blank\">Partir en europe<\/a>\u00a0marques d\u00e9pos\u00e9es par S\u00f5creativ\u2019<\/h5>\n\n\n\n<div class=\"wp-block-group is-layout-flow wp-block-group-is-layout-flow\">\n<div style=\"height:30px\" aria-hidden=\"true\" class=\"wp-block-spacer\"><\/div>\n\n\n\n<hr class=\"wp-block-separator has-text-color has-background is-style-wide\" style=\"background-color:#dcdcdc;color:#dcdcdc\"\/>\n\n\n\n<div style=\"height:30px\" aria-hidden=\"true\" class=\"wp-block-spacer\"><\/div>\n<\/div>\n\n\n\n<h4 class=\"wp-block-heading\">H\u00e9bergement\u00a0Serveurs &amp; Back-up<\/h4>\n\n\n\n<h5 class=\"wp-block-heading\">Soci\u00e9t\u00e9\u00a0OVH2 rue Kellermann ~ Roubaix https:\/\/ovh.com<\/h5>\n\n\n\n<div class=\"wp-block-group is-layout-flow wp-block-group-is-layout-flow\">\n<div style=\"height:30px\" aria-hidden=\"true\" class=\"wp-block-spacer\"><\/div>\n\n\n\n<hr class=\"wp-block-separator has-text-color has-background is-style-wide\" style=\"background-color:#dcdcdc;color:#dcdcdc\"\/>\n\n\n\n<div style=\"height:30px\" aria-hidden=\"true\" class=\"wp-block-spacer\"><\/div>\n<\/div>\n\n\n\n<h3 class=\"wp-block-heading\"><strong>L\u2019acc\u00e8s ou l\u2019exploitation de ce site vaut acceptation des pr\u00e9sentes dispositions<\/strong><\/h3>\n\n\n\n<p>Le pr\u00e9sent site et les informations, noms, images, photographies, logos et ic\u00f4nes relatifs \u00e0, ou en rapport avec,\u00a0<strong><strong>La Passion des Terroirs<\/strong><\/strong>\u00a0, ci-apr\u00e8s d\u00e9nomm\u00e9s\u00a0<strong><strong>La Passion des Terroirs<\/strong><\/strong>\u00a0et\/ou leurs produits et services (ci-apr\u00e8s d\u00e9nomm\u00e9s \u00bb les informations \u00ab ) sont propos\u00e9s \u00ab tels quels \u00bb et \u00bb en fonction des disponibilit\u00e9s \u00bb.\u00a0<strong><strong>La Passion des Terroirs<\/strong><\/strong>\u00a0ne d\u00e9clare ni ne garantit de quelque mani\u00e8re que ce soit, explicitement ou implicitement, que le site r\u00e9pond notamment \u00e0 un besoin particulier, qu\u2019il soit commercialisable, qu\u2019il soit exact, fiable ou complet. En outre,\u00a0<strong><strong>La Passion des Terroirs<\/strong><\/strong>\u00a0d\u00e9cline toute responsabilit\u00e9 si le site ou le serveur qui le rend accessible \u00e9tait pourvu d\u2019un virus. Les publications de ce site peuvent contenir des inexactitudes de nature technique ou autre, ou des erreurs typographiques qui peuvent \u00eatre corrig\u00e9es \u00e0 la seule discr\u00e9tion de\u00a0<strong><strong>La Passion des Terroirs<\/strong><\/strong>\u00a0. Toute correction et modification peuvent \u00eatre int\u00e9gr\u00e9es ult\u00e9rieurement dans ce site.\u00a0<strong><strong>La Passion des Terroirs<\/strong><\/strong>\u00a0peut \u00e0 tout moment modifier, am\u00e9liorer et\/ou changer les modalit\u00e9s ou les informations pr\u00e9sent\u00e9es sur ce site ou encore les produits et services auxquels il est fait r\u00e9f\u00e9rence.<\/p>\n\n\n\n<div class=\"wp-block-group is-layout-flow wp-block-group-is-layout-flow\">\n<div style=\"height:30px\" aria-hidden=\"true\" class=\"wp-block-spacer\"><\/div>\n\n\n\n<hr class=\"wp-block-separator has-text-color has-background is-style-wide\" style=\"background-color:#dcdcdc;color:#dcdcdc\"\/>\n\n\n\n<div style=\"height:30px\" aria-hidden=\"true\" class=\"wp-block-spacer\"><\/div>\n<\/div>\n\n\n\n<h3 class=\"wp-block-heading\"><strong>Limite de responsabilit\u00e9<\/strong><\/h3>\n\n\n\n<p>En aucun cas\u00a0<strong><strong>La Passion des Terroirs<\/strong><\/strong>\u00a0ou ses cocontractants ne seront tenus pour responsables de tout dommage sp\u00e9cifique, indirect ou direct, ou de tout dommage, quel qu\u2019il soit, r\u00e9sultant de l\u2019acc\u00e8s au site, de son utilisation, de l\u2019impossibilit\u00e9 d\u2019y acc\u00e9der, de l\u2019utiliser ou encore d\u00e9coulant de tous documents, restrictions ou recommandations et informations pr\u00e9sent\u00e9s sur ce site. Le pr\u00e9sent Site pourrait contenir des liens ou des r\u00e9f\u00e9rences \u00e0 d\u2019autres sites web. Internet \u00e9tant g\u00e9r\u00e9 de fa\u00e7on ind\u00e9pendante \u00e0 travers des milliers de sites dans le monde, les informations auxquelles l\u2019utilisateur a acc\u00e8s peuvent avoir une origine ext\u00e9rieure au pr\u00e9sent site et \u00e9chapper par cons\u00e9quent \u00e0 tout contr\u00f4le de\u00a0<strong><strong>La Passion des Terroirs<\/strong><\/strong>. Par cons\u00e9quent, n\u2019aura aucune obligation ni aucune responsabilit\u00e9 concernant les contenus disponibles et accessibles sur le Site, par l\u2019interm\u00e9diaire du Site ou en dehors du Site. L\u2019utilisateur s\u2019engage \u00e0 ne pas modifier, int\u00e9grer ni remplacer, en tout ou en partie, les informations pr\u00e9sent\u00e9es par\u00a0<strong><strong>La Passion des Terroirs<\/strong><\/strong>\u00a0sur le pr\u00e9sent Site.<\/p>\n\n\n\n<div class=\"wp-block-group is-layout-flow wp-block-group-is-layout-flow\">\n<div style=\"height:30px\" aria-hidden=\"true\" class=\"wp-block-spacer\"><\/div>\n\n\n\n<hr class=\"wp-block-separator has-text-color has-background is-style-wide\" style=\"background-color:#dcdcdc;color:#dcdcdc\"\/>\n\n\n\n<div style=\"height:30px\" aria-hidden=\"true\" class=\"wp-block-spacer\"><\/div>\n<\/div>\n\n\n\n<h3 class=\"wp-block-heading\"><strong>Remarques et communications<\/strong><\/h3>\n\n\n\n<p>Les informations transmises \u00ab\u00a0au site\u00a0\u00bb\u00a0(par courrier, courrier \u00e9lectronique ou par tout autre moyen)\u00a0ne pourront \u00eatre consid\u00e9r\u00e9es comme confidentielles.\u00a0<strong><strong>La Passion des Terroirs<\/strong><\/strong>\u00a0est seul destinataire des informations transmises \u00ab au site\u00bb. Conform\u00e9ment \u00e0 la loi du 06\/01\/1978 I\u2019 internaute dispose d\u2019un droit d\u2019acc\u00e8s, de rectification et d\u2019opposition aux informations le concernant qu\u2019il peut exercer \u00e0 tout moment aupr\u00e8s de :<\/p>\n\n\n\n<p><strong><strong>La Passion des Terroirs<\/strong><\/strong>\u00a0\u00a0<strong>&#8211;<\/strong>\u00a0Rond Point des Vendangeurs, Rte du Verdon, 33460 Arsac &#8211; 05 57 83 10 10<\/p>\n\n\n\n<p><strong><strong>La Passion des Terroirs<\/strong><\/strong>\u00a0sera heureux de recevoir les remarques des utilisateurs sur le site ainsi que sur ses services, mais il est bien entendu qu\u2019elle ne sollicite aucune suggestion, aucune id\u00e9e ni aucun mat\u00e9riel relatif au d\u00e9veloppement, \u00e0 la conception, \u00e0 la fabrication ou au marketing des dits produits.<\/p>\n\n\n\n<div class=\"wp-block-group is-layout-flow wp-block-group-is-layout-flow\">\n<div style=\"height:30px\" aria-hidden=\"true\" class=\"wp-block-spacer\"><\/div>\n\n\n\n<hr class=\"wp-block-separator has-text-color has-background is-style-wide\" style=\"background-color:#dcdcdc;color:#dcdcdc\"\/>\n\n\n\n<div style=\"height:30px\" aria-hidden=\"true\" class=\"wp-block-spacer\"><\/div>\n<\/div>\n\n\n\n<h3 class=\"wp-block-heading\"><strong>L\u00e9gislation et juridiction comp\u00e9tente<\/strong><\/h3>\n\n\n\n<p>Les pr\u00e9sentes Conditions seront r\u00e9gies interpr\u00e9t\u00e9es et appliqu\u00e9es selon la loi fran\u00e7aise, sauf indication contraire affich\u00e9e sur le site. Tout litige r\u00e9sultant de l\u2019interpr\u00e9tation et de l\u2019application des dites Conditions sera de la comp\u00e9tence exclusive des Tribunaux de Bordeaux, sauf indication contraire affich\u00e9e sur le site.<\/p>\n\n\n\n<div class=\"wp-block-group is-layout-flow wp-block-group-is-layout-flow\">\n<div style=\"height:30px\" aria-hidden=\"true\" class=\"wp-block-spacer\"><\/div>\n\n\n\n<hr class=\"wp-block-separator has-text-color has-background is-style-wide\" style=\"background-color:#dcdcdc;color:#dcdcdc\"\/>\n\n\n\n<div style=\"height:30px\" aria-hidden=\"true\" class=\"wp-block-spacer\"><\/div>\n<\/div>\n\n\n\n<h2 class=\"wp-block-heading\">Cookies<\/h2>\n\n\n\n<p>Si vous \u00eates une structure et que vous constatez une erreur, nous vous remercions de bien vouloir nous en faire part par mail :\u00a0<a href=\"mailto:contact@coreadd.com\">contact@coreadd.com<\/a>\u00a0ou par t\u00e9l\u00e9phone au 05.56.51.56.51<\/p>\n\n\n\n<p><em>Conform\u00e9ment au r\u00e8glement europ\u00e9en n\u00b02016\/679 (RGPD) et \u00e0 la loi fran\u00e7aise dite &#8220;Informatique et Libert\u00e9s&#8221;, vous b\u00e9n\u00e9ficiez en toute circonstance d&#8217;un droit d&#8217;acc\u00e8s, de modification, d&#8217;opposition et de retrait des informations vous concernant. Pour ne plus apparaitre sur le site ou mettre \u00e0 jours vos pr\u00e9f\u00e9rences de communication, vous pouvez nous contacter au 05.56.51.56.51 ou par mail \u00e0\u00a0<\/em><em><a href=\"mailto:contact@coreadd.com\">contact@coreadd.com<\/a>.<\/em><\/p>\n\n\n\n<div style=\"height:100px\" aria-hidden=\"true\" class=\"wp-block-spacer\"><\/div>\n<\/div>\n","protected":false},"excerpt":{"rendered":"<p>La Passion des Terroirs La Passion Des Terroirs \u00a04 rue des Fleurus,33000 BORDEAUX 05.56.51.56.51 WebDesign\u00a0&amp; Cr\u00e9ation Agence S\u00f5creativ\u2019\u00a0[ design C\u00f5mmunicatif ]46, rue Vital Carles ~ Bordeauxcontact@socreativ.comhttps:\/\/socreativ.com S\u00f5creativ\u2019,\u00a0Visiter-barcelone.com\u00a0Pstructures, et\u00a0Partir en europe\u00a0marques d\u00e9pos\u00e9es par S\u00f5creativ\u2019 H\u00e9bergement\u00a0Serveurs &amp; Back-up Soci\u00e9t\u00e9\u00a0OVH2 rue Kellermann ~ Roubaix https:\/\/ovh.com L\u2019acc\u00e8s ou l\u2019exploitation de ce site vaut acceptation des pr\u00e9sentes dispositions Le pr\u00e9sent [&hellip;]<\/p>\n","protected":false},"author":5,"featured_media":0,"parent":0,"menu_order":15,"comment_status":"closed","ping_status":"closed","template":"","meta":{"_acf_changed":false,"_uf_show_specific_survey":0,"_uf_disable_surveys":false,"footnotes":""},"class_list":["post-1522","page","type-page","status-publish","hentry"],"acf":[],"aioseo_notices":[],"_links":{"self":[{"href":"https:\/\/lapassiondesterroirs.com\/en\/wp-json\/wp\/v2\/pages\/1522","targetHints":{"allow":["GET"]}}],"collection":[{"href":"https:\/\/lapassiondesterroirs.com\/en\/wp-json\/wp\/v2\/pages"}],"about":[{"href":"https:\/\/lapassiondesterroirs.com\/en\/wp-json\/wp\/v2\/types\/page"}],"author":[{"embeddable":true,"href":"https:\/\/lapassiondesterroirs.com\/en\/wp-json\/wp\/v2\/users\/5"}],"replies":[{"embeddable":true,"href":"https:\/\/lapassiondesterroirs.com\/en\/wp-json\/wp\/v2\/comments?post=1522"}],"version-history":[{"count":3,"href":"https:\/\/lapassiondesterroirs.com\/en\/wp-json\/wp\/v2\/pages\/1522\/revisions"}],"predecessor-version":[{"id":3633,"href":"https:\/\/lapassiondesterroirs.com\/en\/wp-json\/wp\/v2\/pages\/1522\/revisions\/3633"}],"wp:attachment":[{"href":"https:\/\/lapassiondesterroirs.com\/en\/wp-json\/wp\/v2\/media?parent=1522"}],"curies":[{"name":"wp","href":"https:\/\/api.w.org\/{rel}","templated":true}]}}